{"id":11011,"date":"2020-12-28T16:09:51","date_gmt":"2020-12-28T15:09:51","guid":{"rendered":"https:\/\/www.frenchysushi.fr\/roq\/?post_type=product&#038;p=11011"},"modified":"2022-05-21T21:11:25","modified_gmt":"2022-05-21T19:11:25","slug":"mochi-yuzu-citron","status":"publish","type":"product","link":"https:\/\/www.frenchysushi.fr\/roq\/produit\/mochi-yuzu-citron\/","title":{"rendered":"Mochi Yuzu\/Citron"},"content":{"rendered":"","protected":false},"excerpt":{"rendered":"<p>Vendu \u00e0 la pi\u00e8ce<\/p>\n<p>D\u00e9licieuses cr\u00e8mes gla\u00e7\u00e9es enrob\u00e9es d&rsquo;une fine p\u00e2te de riz<\/p>\n","protected":false},"featured_media":11012,"template":"","meta":[],"product_cat":[59],"product_tag":[],"_links":{"self":[{"href":"https:\/\/www.frenchysushi.fr\/roq\/wp-json\/wp\/v2\/product\/11011"}],"collection":[{"href":"https:\/\/www.frenchysushi.fr\/roq\/wp-json\/wp\/v2\/product"}],"about":[{"href":"https:\/\/www.frenchysushi.fr\/roq\/wp-json\/wp\/v2\/types\/product"}],"wp:featuredmedia":[{"embeddable":true,"href":"https:\/\/www.frenchysushi.fr\/roq\/wp-json\/wp\/v2\/media\/11012"}],"wp:attachment":[{"href":"https:\/\/www.frenchysushi.fr\/roq\/wp-json\/wp\/v2\/media?parent=11011"}],"wp:term":[{"taxonomy":"product_cat","embeddable":true,"href":"https:\/\/www.frenchysushi.fr\/roq\/wp-json\/wp\/v2\/product_cat?post=11011"},{"taxonomy":"product_tag","embeddable":true,"href":"https:\/\/www.frenchysushi.fr\/roq\/wp-json\/wp\/v2\/product_tag?post=11011"}],"curies":[{"name":"wp","href":"https:\/\/api.w.org\/{rel}","templated":true}]}}