{"id":14671,"date":"2021-12-28T00:56:16","date_gmt":"2021-12-27T23:56:16","guid":{"rendered":"https:\/\/www.frenchysushi.fr\/roq\/?post_type=product&#038;p=14671"},"modified":"2022-07-23T20:17:57","modified_gmt":"2022-07-23T18:17:57","slug":"crusty-kit-kat-chunky","status":"publish","type":"product","link":"https:\/\/www.frenchysushi.fr\/roq\/produit\/crusty-kit-kat-chunky\/","title":{"rendered":"Crusty Kit Kat Chunky"},"content":{"rendered":"","protected":false},"excerpt":{"rendered":"<p>Tablette de Kit Kat Chunky enroul\u00e9e dans une p\u00e2te feuillet\u00e9e et cuite \u00e0 la friteuse \u00e0 air puls\u00e9 &#8230;<\/p>\n<p>Une tuerie !!!!<\/p>\n","protected":false},"featured_media":11199,"template":"","meta":[],"product_cat":[59],"product_tag":[],"_links":{"self":[{"href":"https:\/\/www.frenchysushi.fr\/roq\/wp-json\/wp\/v2\/product\/14671"}],"collection":[{"href":"https:\/\/www.frenchysushi.fr\/roq\/wp-json\/wp\/v2\/product"}],"about":[{"href":"https:\/\/www.frenchysushi.fr\/roq\/wp-json\/wp\/v2\/types\/product"}],"wp:featuredmedia":[{"embeddable":true,"href":"https:\/\/www.frenchysushi.fr\/roq\/wp-json\/wp\/v2\/media\/11199"}],"wp:attachment":[{"href":"https:\/\/www.frenchysushi.fr\/roq\/wp-json\/wp\/v2\/media?parent=14671"}],"wp:term":[{"taxonomy":"product_cat","embeddable":true,"href":"https:\/\/www.frenchysushi.fr\/roq\/wp-json\/wp\/v2\/product_cat?post=14671"},{"taxonomy":"product_tag","embeddable":true,"href":"https:\/\/www.frenchysushi.fr\/roq\/wp-json\/wp\/v2\/product_tag?post=14671"}],"curies":[{"name":"wp","href":"https:\/\/api.w.org\/{rel}","templated":true}]}}