{"id":4633,"date":"2019-11-28T13:36:29","date_gmt":"2019-11-28T12:36:29","guid":{"rendered":"http:\/\/www.frenchysushi.fr\/roq\/?post_type=product&#038;p=4633"},"modified":"2022-06-13T19:08:24","modified_gmt":"2022-06-13T17:08:24","slug":"dada-litchi","status":"publish","type":"product","link":"https:\/\/www.frenchysushi.fr\/roq\/produit\/dada-litchi\/","title":{"rendered":"Dada Litchi"},"content":{"rendered":"","protected":false},"excerpt":{"rendered":"<p>33 cl<\/p>\n<p>Th\u00e9 Glac\u00e9 p\u00e9tillant au Litchi<\/p>\n","protected":false},"featured_media":4370,"template":"","meta":[],"product_cat":[61],"product_tag":[],"_links":{"self":[{"href":"https:\/\/www.frenchysushi.fr\/roq\/wp-json\/wp\/v2\/product\/4633"}],"collection":[{"href":"https:\/\/www.frenchysushi.fr\/roq\/wp-json\/wp\/v2\/product"}],"about":[{"href":"https:\/\/www.frenchysushi.fr\/roq\/wp-json\/wp\/v2\/types\/product"}],"wp:featuredmedia":[{"embeddable":true,"href":"https:\/\/www.frenchysushi.fr\/roq\/wp-json\/wp\/v2\/media\/4370"}],"wp:attachment":[{"href":"https:\/\/www.frenchysushi.fr\/roq\/wp-json\/wp\/v2\/media?parent=4633"}],"wp:term":[{"taxonomy":"product_cat","embeddable":true,"href":"https:\/\/www.frenchysushi.fr\/roq\/wp-json\/wp\/v2\/product_cat?post=4633"},{"taxonomy":"product_tag","embeddable":true,"href":"https:\/\/www.frenchysushi.fr\/roq\/wp-json\/wp\/v2\/product_tag?post=4633"}],"curies":[{"name":"wp","href":"https:\/\/api.w.org\/{rel}","templated":true}]}}