{"id":4634,"date":"2019-11-28T13:37:50","date_gmt":"2019-11-28T12:37:50","guid":{"rendered":"http:\/\/www.frenchysushi.fr\/roq\/?post_type=product&#038;p=4634"},"modified":"2022-02-15T18:35:09","modified_gmt":"2022-02-15T17:35:09","slug":"dada-cerise","status":"publish","type":"product","link":"https:\/\/www.frenchysushi.fr\/roq\/produit\/dada-cerise\/","title":{"rendered":"Dada Cerise"},"content":{"rendered":"","protected":false},"excerpt":{"rendered":"<p>33 cl<\/p>\n<p>Th\u00e9 Glac\u00e9 p\u00e9tillant au Litchi<\/p>\n","protected":false},"featured_media":4379,"template":"","meta":[],"product_cat":[61],"product_tag":[],"_links":{"self":[{"href":"https:\/\/www.frenchysushi.fr\/roq\/wp-json\/wp\/v2\/product\/4634"}],"collection":[{"href":"https:\/\/www.frenchysushi.fr\/roq\/wp-json\/wp\/v2\/product"}],"about":[{"href":"https:\/\/www.frenchysushi.fr\/roq\/wp-json\/wp\/v2\/types\/product"}],"wp:featuredmedia":[{"embeddable":true,"href":"https:\/\/www.frenchysushi.fr\/roq\/wp-json\/wp\/v2\/media\/4379"}],"wp:attachment":[{"href":"https:\/\/www.frenchysushi.fr\/roq\/wp-json\/wp\/v2\/media?parent=4634"}],"wp:term":[{"taxonomy":"product_cat","embeddable":true,"href":"https:\/\/www.frenchysushi.fr\/roq\/wp-json\/wp\/v2\/product_cat?post=4634"},{"taxonomy":"product_tag","embeddable":true,"href":"https:\/\/www.frenchysushi.fr\/roq\/wp-json\/wp\/v2\/product_tag?post=4634"}],"curies":[{"name":"wp","href":"https:\/\/api.w.org\/{rel}","templated":true}]}}