{"id":4635,"date":"2019-11-28T13:38:38","date_gmt":"2019-11-28T12:38:38","guid":{"rendered":"http:\/\/www.frenchysushi.fr\/roq\/?post_type=product&#038;p=4635"},"modified":"2022-04-18T18:18:10","modified_gmt":"2022-04-18T16:18:10","slug":"fuze-tea-peche","status":"publish","type":"product","link":"https:\/\/www.frenchysushi.fr\/roq\/produit\/fuze-tea-peche\/","title":{"rendered":"Fuze Tea P\u00eache"},"content":{"rendered":"","protected":false},"excerpt":{"rendered":"<p>33 cl<\/p>\n<p>Th\u00e9 Glac\u00e9 go\u00fbt p\u00eache<\/p>\n<div id=\"gtx-trans\">\n<div class=\"gtx-trans-icon\"><\/div>\n<\/div>\n","protected":false},"featured_media":4371,"template":"","meta":[],"product_cat":[61],"product_tag":[],"_links":{"self":[{"href":"https:\/\/www.frenchysushi.fr\/roq\/wp-json\/wp\/v2\/product\/4635"}],"collection":[{"href":"https:\/\/www.frenchysushi.fr\/roq\/wp-json\/wp\/v2\/product"}],"about":[{"href":"https:\/\/www.frenchysushi.fr\/roq\/wp-json\/wp\/v2\/types\/product"}],"wp:featuredmedia":[{"embeddable":true,"href":"https:\/\/www.frenchysushi.fr\/roq\/wp-json\/wp\/v2\/media\/4371"}],"wp:attachment":[{"href":"https:\/\/www.frenchysushi.fr\/roq\/wp-json\/wp\/v2\/media?parent=4635"}],"wp:term":[{"taxonomy":"product_cat","embeddable":true,"href":"https:\/\/www.frenchysushi.fr\/roq\/wp-json\/wp\/v2\/product_cat?post=4635"},{"taxonomy":"product_tag","embeddable":true,"href":"https:\/\/www.frenchysushi.fr\/roq\/wp-json\/wp\/v2\/product_tag?post=4635"}],"curies":[{"name":"wp","href":"https:\/\/api.w.org\/{rel}","templated":true}]}}