{"id":4637,"date":"2019-11-28T13:40:34","date_gmt":"2019-11-28T12:40:34","guid":{"rendered":"http:\/\/www.frenchysushi.fr\/roq\/?post_type=product&#038;p=4637"},"modified":"2021-03-16T18:09:35","modified_gmt":"2021-03-16T17:09:35","slug":"biere-iki","status":"publish","type":"product","link":"https:\/\/www.frenchysushi.fr\/roq\/produit\/biere-iki\/","title":{"rendered":"Bi\u00e8re Iki"},"content":{"rendered":"","protected":false},"excerpt":{"rendered":"<p>33 cl\/ 4,5 % vol.<\/p>\n<p>Bi\u00e8re Japonaise aromatis\u00e9e au Th\u00e9 vert et au Yuzu<\/p>\n<div id=\"gtx-trans\">\n<div class=\"gtx-trans-icon\"><\/div>\n<\/div>\n","protected":false},"featured_media":4373,"template":"","meta":[],"product_cat":[61],"product_tag":[],"_links":{"self":[{"href":"https:\/\/www.frenchysushi.fr\/roq\/wp-json\/wp\/v2\/product\/4637"}],"collection":[{"href":"https:\/\/www.frenchysushi.fr\/roq\/wp-json\/wp\/v2\/product"}],"about":[{"href":"https:\/\/www.frenchysushi.fr\/roq\/wp-json\/wp\/v2\/types\/product"}],"wp:featuredmedia":[{"embeddable":true,"href":"https:\/\/www.frenchysushi.fr\/roq\/wp-json\/wp\/v2\/media\/4373"}],"wp:attachment":[{"href":"https:\/\/www.frenchysushi.fr\/roq\/wp-json\/wp\/v2\/media?parent=4637"}],"wp:term":[{"taxonomy":"product_cat","embeddable":true,"href":"https:\/\/www.frenchysushi.fr\/roq\/wp-json\/wp\/v2\/product_cat?post=4637"},{"taxonomy":"product_tag","embeddable":true,"href":"https:\/\/www.frenchysushi.fr\/roq\/wp-json\/wp\/v2\/product_tag?post=4637"}],"curies":[{"name":"wp","href":"https:\/\/api.w.org\/{rel}","templated":true}]}}