{"id":4640,"date":"2019-11-28T13:45:07","date_gmt":"2019-11-28T12:45:07","guid":{"rendered":"http:\/\/www.frenchysushi.fr\/roq\/?post_type=product&#038;p=4640"},"modified":"2022-04-08T18:14:05","modified_gmt":"2022-04-08T16:14:05","slug":"vin-rose-frenchy","status":"publish","type":"product","link":"https:\/\/www.frenchysushi.fr\/roq\/produit\/vin-rose-frenchy\/","title":{"rendered":"Vin Ros\u00e9 Frenchy"},"content":{"rendered":"","protected":false},"excerpt":{"rendered":"<p>75 cl\/ 13% vol.<\/p>\n<p>Nos Chefs ont s\u00e9lectionn\u00e9 ces vins pour leurs ar\u00f4mes subtils et fruit\u00e9s, accompagn\u00e9s de saveurs \u00a0florales d\u00e9licates, pour \u00eatre les compagnons id\u00e9als de toutes nos pr\u00e9parations. Leurs ar\u00f4mes vont aider\u00a0\u00e0 relever le go\u00fbt des poissons crus,\u00a0des \u00e9pices, du gingembre et du soja. A servir tr\u00e8s frais<\/p>\n<p>&nbsp;<\/p>\n","protected":false},"featured_media":4372,"template":"","meta":[],"product_cat":[61],"product_tag":[],"_links":{"self":[{"href":"https:\/\/www.frenchysushi.fr\/roq\/wp-json\/wp\/v2\/product\/4640"}],"collection":[{"href":"https:\/\/www.frenchysushi.fr\/roq\/wp-json\/wp\/v2\/product"}],"about":[{"href":"https:\/\/www.frenchysushi.fr\/roq\/wp-json\/wp\/v2\/types\/product"}],"wp:featuredmedia":[{"embeddable":true,"href":"https:\/\/www.frenchysushi.fr\/roq\/wp-json\/wp\/v2\/media\/4372"}],"wp:attachment":[{"href":"https:\/\/www.frenchysushi.fr\/roq\/wp-json\/wp\/v2\/media?parent=4640"}],"wp:term":[{"taxonomy":"product_cat","embeddable":true,"href":"https:\/\/www.frenchysushi.fr\/roq\/wp-json\/wp\/v2\/product_cat?post=4640"},{"taxonomy":"product_tag","embeddable":true,"href":"https:\/\/www.frenchysushi.fr\/roq\/wp-json\/wp\/v2\/product_tag?post=4640"}],"curies":[{"name":"wp","href":"https:\/\/api.w.org\/{rel}","templated":true}]}}