{"id":4641,"date":"2019-11-28T13:46:04","date_gmt":"2019-11-28T12:46:04","guid":{"rendered":"http:\/\/www.frenchysushi.fr\/roq\/?post_type=product&#038;p=4641"},"modified":"2019-12-22T09:46:36","modified_gmt":"2019-12-22T08:46:36","slug":"sauce-frenchy","status":"publish","type":"product","link":"https:\/\/www.frenchysushi.fr\/roq\/produit\/sauce-frenchy\/","title":{"rendered":"Sauce Tha\u00ef"},"content":{"rendered":"","protected":false},"excerpt":{"rendered":"<p>15 ml.<\/p>\n<p>l\u00e9g\u00e8rement piment\u00e9e<\/p>\n","protected":false},"featured_media":4489,"template":"","meta":[],"product_cat":[101],"product_tag":[],"_links":{"self":[{"href":"https:\/\/www.frenchysushi.fr\/roq\/wp-json\/wp\/v2\/product\/4641"}],"collection":[{"href":"https:\/\/www.frenchysushi.fr\/roq\/wp-json\/wp\/v2\/product"}],"about":[{"href":"https:\/\/www.frenchysushi.fr\/roq\/wp-json\/wp\/v2\/types\/product"}],"wp:featuredmedia":[{"embeddable":true,"href":"https:\/\/www.frenchysushi.fr\/roq\/wp-json\/wp\/v2\/media\/4489"}],"wp:attachment":[{"href":"https:\/\/www.frenchysushi.fr\/roq\/wp-json\/wp\/v2\/media?parent=4641"}],"wp:term":[{"taxonomy":"product_cat","embeddable":true,"href":"https:\/\/www.frenchysushi.fr\/roq\/wp-json\/wp\/v2\/product_cat?post=4641"},{"taxonomy":"product_tag","embeddable":true,"href":"https:\/\/www.frenchysushi.fr\/roq\/wp-json\/wp\/v2\/product_tag?post=4641"}],"curies":[{"name":"wp","href":"https:\/\/api.w.org\/{rel}","templated":true}]}}